{"id":131,"date":"2022-04-29T15:00:19","date_gmt":"2022-04-29T15:00:19","guid":{"rendered":"http:\/\/juristbyran-rohlen.se\/?page_id=131"},"modified":"2025-06-18T07:44:31","modified_gmt":"2025-06-18T07:44:31","slug":"juristbyran","status":"publish","type":"page","link":"https:\/\/juristbyran-rohlen.se\/","title":{"rendered":"Juristbyr\u00e5n"},"content":{"rendered":"<p>[et_pb_section fb_built=&#8221;1&#8243; _builder_version=&#8221;4.17.1&#8243; _module_preset=&#8221;default&#8221; background_color=&#8221;#dddbcc&#8221; background_enable_image=&#8221;off&#8221; background_size=&#8221;initial&#8221; background_position=&#8221;top_right&#8221; background_horizontal_offset=&#8221;0%&#8221; background_vertical_offset=&#8221;3%&#8221; global_colors_info=&#8221;{}&#8221;][et_pb_row column_structure=&#8221;1_2,1_2&#8243; _builder_version=&#8221;4.17.1&#8243; _module_preset=&#8221;default&#8221; global_colors_info=&#8221;{}&#8221;][et_pb_column type=&#8221;1_2&#8243; _builder_version=&#8221;4.17.1&#8243; _module_preset=&#8221;default&#8221; global_colors_info=&#8221;{}&#8221;][et_pb_image src=&#8221;http:\/\/juristbyran-rohlen.se\/wp-content\/uploads\/2022\/04\/IMG_1574_JPG.jpg&#8221; title_text=&#8221;IMG_1574_JPG&#8221; _builder_version=&#8221;4.17.1&#8243; _module_preset=&#8221;default&#8221; border_radii=&#8221;on|100px|100px|100px|100px&#8221; global_colors_info=&#8221;{}&#8221;][\/et_pb_image][\/et_pb_column][et_pb_column type=&#8221;1_2&#8243; _builder_version=&#8221;4.17.1&#8243; _module_preset=&#8221;default&#8221; global_colors_info=&#8221;{}&#8221;][et_pb_image src=&#8221;http:\/\/juristbyran-rohlen.se\/wp-content\/uploads\/2022\/04\/Justice-vA\u00a5g.png&#8221; title_text=&#8221;Justice v\u00c3\u00a5g&#8221; align=&#8221;right&#8221; _builder_version=&#8221;4.17.1&#8243; _module_preset=&#8221;default&#8221; width=&#8221;48%&#8221; global_colors_info=&#8221;{}&#8221;][\/et_pb_image][\/et_pb_column][\/et_pb_row][et_pb_row _builder_version=&#8221;4.17.1&#8243; _module_preset=&#8221;default&#8221; global_colors_info=&#8221;{}&#8221;][et_pb_column type=&#8221;4_4&#8243; _builder_version=&#8221;4.17.1&#8243; _module_preset=&#8221;default&#8221; global_colors_info=&#8221;{}&#8221;][et_pb_text _builder_version=&#8221;4.17.1&#8243; _module_preset=&#8221;default&#8221; global_colors_info=&#8221;{}&#8221;]<\/p>\n<h2><span>En resande jurist<\/span><\/h2>\n<p>De flesta m\u00e4nniskor kommer under n\u00e5gon period i sitt liv i kontakt med ekonomisk familjer\u00e4tt. Ofta handlar det om stora beslut eller sv\u00e5ra h\u00e4ndelser i livet som exempelvis vid d\u00f6dsfall eller separation och vid den kommande bodelningen med anledning av separationen eller d\u00f6dsfallet.<\/p>\n<p>Den juridiska representanten kan ofta utg\u00f6ra den trygga punkten i en stressig situation. Att vara familjejurist \u00e4r att ta ett steg in i m\u00e4nniskors liv f\u00f6r att medla, st\u00f6dja och hj\u00e4lpa. Familjejuridik \u00e4r troligen den mest m\u00e4nskliga delen av v\u00e5rt juridiska system. \u00c3mnet fokuserar p\u00e5 relationer mellan m\u00e4nniskor och deras juridiska f\u00f6rh\u00e5llande till varandra.<\/p>\n<p>Vid exempelvis en separation mellan makar eller sambor kan det beh\u00f6vas en medlare som hj\u00e4lper till att dela upp tillg\u00e5ngar och reda ut vem som \u00e4ger vad.<br \/>Vid d\u00f6dsfall kan det finnas ett testamente som m\u00e5ste l\u00e4sas och en sista vilja som ska verkst\u00e4llas.<\/p>\n<p>Det kan l\u00e5ta som en synnerligen sorgsen syssels\u00e4ttning att vara familjejurist, men m\u00e5let \u00e4r att hj\u00e4lpa och ibland st\u00f6dja personer i kris.<br \/>&#8211; Om det uppst\u00e5r en konflikt som inte g\u00e5r att l\u00f6sa, f\u00f6rst d\u00e5 kopplar man in en advokat, ber\u00e4ttar Lena Rohl\u00e9n som driver en juristbyr\u00e5n med ekonomisk familjer\u00e4tt som inriktning.<\/p>\n<p>[\/et_pb_text][\/et_pb_column][\/et_pb_row][et_pb_row _builder_version=&#8221;4.17.1&#8243; _module_preset=&#8221;default&#8221; global_colors_info=&#8221;{}&#8221;][et_pb_column type=&#8221;4_4&#8243; _builder_version=&#8221;4.17.1&#8243; _module_preset=&#8221;default&#8221; global_colors_info=&#8221;{}&#8221;][et_pb_contact_form captcha=&#8221;off&#8221; email=&#8221;lena@juristbyran-rohlen.se&#8221; title=&#8221;Kontakta oss&#8221; custom_message=&#8221;Namn: %%Name%%||et_pb_line_break_holder||Epostadress:%%Email%%||et_pb_line_break_holder||\u00c4rende:%%Message%%&#8221; success_message=&#8221;Tack f\u00f6r ditt meddelande, vi \u00e5terkommer inom kort.&#8221; _builder_version=&#8221;4.17.1&#8243; _module_preset=&#8221;default&#8221; _unique_id=&#8221;dbb049be-b784-472b-ae46-2798bfde3e6a&#8221; hover_enabled=&#8221;0&#8243; global_colors_info=&#8221;{}&#8221; sticky_enabled=&#8221;0&#8243;][et_pb_contact_field field_id=&#8221;Name&#8221; field_title=&#8221;Namn&#8221; _builder_version=&#8221;4.16&#8243; global_colors_info=&#8221;{}&#8221; button_text_size__hover_enabled=&#8221;off&#8221; button_one_text_size__hover_enabled=&#8221;off&#8221; button_two_text_size__hover_enabled=&#8221;off&#8221; button_text_color__hover_enabled=&#8221;off&#8221; button_one_text_color__hover_enabled=&#8221;off&#8221; button_two_text_color__hover_enabled=&#8221;off&#8221; button_border_width__hover_enabled=&#8221;off&#8221; button_one_border_width__hover_enabled=&#8221;off&#8221; button_two_border_width__hover_enabled=&#8221;off&#8221; button_border_color__hover_enabled=&#8221;off&#8221; button_one_border_color__hover_enabled=&#8221;off&#8221; button_two_border_color__hover_enabled=&#8221;off&#8221; button_border_radius__hover_enabled=&#8221;off&#8221; button_one_border_radius__hover_enabled=&#8221;off&#8221; button_two_border_radius__hover_enabled=&#8221;off&#8221; button_letter_spacing__hover_enabled=&#8221;off&#8221; button_one_letter_spacing__hover_enabled=&#8221;off&#8221; button_two_letter_spacing__hover_enabled=&#8221;off&#8221; button_bg_color__hover_enabled=&#8221;off&#8221; button_one_bg_color__hover_enabled=&#8221;off&#8221; button_two_bg_color__hover_enabled=&#8221;off&#8221;][\/et_pb_contact_field][et_pb_contact_field field_id=&#8221;Email&#8221; field_title=&#8221;E-postadress&#8221; field_type=&#8221;email&#8221; _builder_version=&#8221;4.17.1&#8243; global_colors_info=&#8221;{}&#8221; button_text_size__hover_enabled=&#8221;off&#8221; button_one_text_size__hover_enabled=&#8221;off&#8221; button_two_text_size__hover_enabled=&#8221;off&#8221; button_text_color__hover_enabled=&#8221;off&#8221; button_one_text_color__hover_enabled=&#8221;off&#8221; button_two_text_color__hover_enabled=&#8221;off&#8221; button_border_width__hover_enabled=&#8221;off&#8221; button_one_border_width__hover_enabled=&#8221;off&#8221; button_two_border_width__hover_enabled=&#8221;off&#8221; button_border_color__hover_enabled=&#8221;off&#8221; button_one_border_color__hover_enabled=&#8221;off&#8221; button_two_border_color__hover_enabled=&#8221;off&#8221; button_border_radius__hover_enabled=&#8221;off&#8221; button_one_border_radius__hover_enabled=&#8221;off&#8221; button_two_border_radius__hover_enabled=&#8221;off&#8221; button_letter_spacing__hover_enabled=&#8221;off&#8221; button_one_letter_spacing__hover_enabled=&#8221;off&#8221; button_two_letter_spacing__hover_enabled=&#8221;off&#8221; button_bg_color__hover_enabled=&#8221;off&#8221; button_one_bg_color__hover_enabled=&#8221;off&#8221; button_two_bg_color__hover_enabled=&#8221;off&#8221;][\/et_pb_contact_field][et_pb_contact_field field_id=&#8221;Message&#8221; field_title=&#8221;\u00c4rende&#8221; field_type=&#8221;text&#8221; fullwidth_field=&#8221;on&#8221; _builder_version=&#8221;4.17.1&#8243; global_colors_info=&#8221;{}&#8221; button_text_size__hover_enabled=&#8221;off&#8221; button_one_text_size__hover_enabled=&#8221;off&#8221; button_two_text_size__hover_enabled=&#8221;off&#8221; button_text_color__hover_enabled=&#8221;off&#8221; button_one_text_color__hover_enabled=&#8221;off&#8221; button_two_text_color__hover_enabled=&#8221;off&#8221; button_border_width__hover_enabled=&#8221;off&#8221; button_one_border_width__hover_enabled=&#8221;off&#8221; button_two_border_width__hover_enabled=&#8221;off&#8221; button_border_color__hover_enabled=&#8221;off&#8221; button_one_border_color__hover_enabled=&#8221;off&#8221; button_two_border_color__hover_enabled=&#8221;off&#8221; button_border_radius__hover_enabled=&#8221;off&#8221; button_one_border_radius__hover_enabled=&#8221;off&#8221; button_two_border_radius__hover_enabled=&#8221;off&#8221; button_letter_spacing__hover_enabled=&#8221;off&#8221; button_one_letter_spacing__hover_enabled=&#8221;off&#8221; button_two_letter_spacing__hover_enabled=&#8221;off&#8221; button_bg_color__hover_enabled=&#8221;off&#8221; button_one_bg_color__hover_enabled=&#8221;off&#8221; button_two_bg_color__hover_enabled=&#8221;off&#8221;][\/et_pb_contact_field][\/et_pb_contact_form][\/et_pb_column][\/et_pb_row][\/et_pb_section]<\/p>\n","protected":false},"excerpt":{"rendered":"<p>En resande jurist De flesta m\u00e4nniskor kommer under n\u00e5gon period i sitt liv i kontakt med ekonomisk familjer\u00e4tt. Ofta handlar det om stora beslut eller sv\u00e5ra h\u00e4ndelser i livet som exempelvis vid d\u00f6dsfall eller separation och vid den kommande bodelningen med anledning av separationen eller d\u00f6dsfallet. Den juridiska representanten kan ofta utg\u00f6ra den trygga punkten [&hellip;]<\/p>\n","protected":false},"author":1,"featured_media":0,"parent":0,"menu_order":0,"comment_status":"closed","ping_status":"closed","template":"","meta":{"_et_pb_use_builder":"on","_et_pb_old_content":"","_et_gb_content_width":"","footnotes":""},"class_list":["post-131","page","type-page","status-publish","hentry"],"_links":{"self":[{"href":"https:\/\/juristbyran-rohlen.se\/index.php\/wp-json\/wp\/v2\/pages\/131","targetHints":{"allow":["GET"]}}],"collection":[{"href":"https:\/\/juristbyran-rohlen.se\/index.php\/wp-json\/wp\/v2\/pages"}],"about":[{"href":"https:\/\/juristbyran-rohlen.se\/index.php\/wp-json\/wp\/v2\/types\/page"}],"author":[{"embeddable":true,"href":"https:\/\/juristbyran-rohlen.se\/index.php\/wp-json\/wp\/v2\/users\/1"}],"replies":[{"embeddable":true,"href":"https:\/\/juristbyran-rohlen.se\/index.php\/wp-json\/wp\/v2\/comments?post=131"}],"version-history":[{"count":14,"href":"https:\/\/juristbyran-rohlen.se\/index.php\/wp-json\/wp\/v2\/pages\/131\/revisions"}],"predecessor-version":[{"id":179,"href":"https:\/\/juristbyran-rohlen.se\/index.php\/wp-json\/wp\/v2\/pages\/131\/revisions\/179"}],"wp:attachment":[{"href":"https:\/\/juristbyran-rohlen.se\/index.php\/wp-json\/wp\/v2\/media?parent=131"}],"curies":[{"name":"wp","href":"https:\/\/api.w.org\/{rel}","templated":true}]}}