{"id":16,"date":"2022-04-20T16:23:11","date_gmt":"2022-04-20T16:23:11","guid":{"rendered":"http:\/\/juristbyran-rohlen.se\/?page_id=16"},"modified":"2025-06-18T08:09:40","modified_gmt":"2025-06-18T08:09:40","slug":"16-2","status":"publish","type":"page","link":"http:\/\/juristbyran-rohlen.se\/index.php\/16-2\/","title":{"rendered":"Lena Rohl\u00e9n"},"content":{"rendered":"<p>[et_pb_section fb_built=&#8221;1&#8243; admin_label=&#8221;section&#8221; _builder_version=&#8221;4.17.1&#8243; background_color=&#8221;#dddbcc&#8221; global_colors_info=&#8221;{}&#8221; custom_margin=&#8221;||-112px|||&#8221;][et_pb_row column_structure=&#8221;1_2,1_2&#8243; admin_label=&#8221;row&#8221; _builder_version=&#8221;4.17.1&#8243; background_size=&#8221;initial&#8221; background_position=&#8221;top_left&#8221; background_repeat=&#8221;repeat&#8221; custom_padding=&#8221;|||1px||&#8221; global_colors_info=&#8221;{}&#8221;][et_pb_column type=&#8221;1_2&#8243; _builder_version=&#8221;4.16&#8243; custom_padding=&#8221;|||&#8221; global_colors_info=&#8221;{}&#8221; custom_padding__hover=&#8221;|||&#8221;][et_pb_text admin_label=&#8221;Text&#8221; _builder_version=&#8221;4.17.1&#8243; background_size=&#8221;initial&#8221; background_position=&#8221;top_left&#8221; background_repeat=&#8221;repeat&#8221; width=&#8221;100%&#8221; min_height=&#8221;1279px&#8221; hover_enabled=&#8221;0&#8243; global_colors_info=&#8221;{}&#8221; sticky_enabled=&#8221;0&#8243;]<\/p>\n<h3><!-- divi:paragraph --><br \/>Lena Rohl\u00e9n<br \/>f 1963, V\u00e4nersborg<\/h3>\n<h4>\u00a0Curriculum Vitae<\/h4>\n<p><!-- \/divi:paragraph --><!-- divi:paragraph -->2010 &#8211; Juristbyr\u00e5n Lena Rohl\u00e9n AB<br \/>2002 -Juristbyr\u00e5n Lena Rohl\u00e9n, Enskild N\u00e4ringsverksamhet<br \/>1996 &#8211; 2007 Utlandsvistelse, F\u00f6rtroendeuppdrag samt familjebildning<br \/>1993 &#8211; 1996 Gillis Edman Begravningsbyr\u00e5, G\u00f6teborg<br \/>1988 &#8211; 1993 Swedbank, G\u00f6teborg<br \/>1984 &#8211; 1988 Handelsh\u00f6gskolan, G\u00f6teborgs Universitet, Juristutbildning<\/p>\n<p>&nbsp;<\/p>\n<p>Stenungsund-Kung\u00e4lv Rotaryklubb medlem 2008 &#8211;<br \/><!-- divi:paragraph -->Sk\u00e4rhamns Sm\u00e5f\u00f6retagarf\u00f6rening<\/p>\n<p>Intresserad av motion, h\u00e4lsa, kultur &amp; familj<\/p>\n<p>&nbsp;<\/p>\n<p><!-- \/divi:paragraph --><\/p>\n<p><!-- \/divi:paragraph --><\/p>\n<p><!-- \/divi:paragraph --><\/p>\n<p><!-- \/divi:paragraph --><\/p>\n<p><!-- \/divi:paragraph --><\/p>\n<p><!-- \/divi:paragraph --><\/p>\n<p><!-- \/divi:paragraph --><\/p>\n<p><!-- \/divi:paragraph --><\/p>\n<p><!-- \/divi:paragraph --><\/p>\n<p><!-- \/divi:paragraph --><\/p>\n<p>[\/et_pb_text][\/et_pb_column][et_pb_column type=&#8221;1_2&#8243; _builder_version=&#8221;4.16&#8243; custom_padding=&#8221;|||&#8221; global_colors_info=&#8221;{}&#8221; custom_padding__hover=&#8221;|||&#8221;][et_pb_image src=&#8221;http:\/\/juristbyran-rohlen.se\/wp-content\/uploads\/2022\/04\/IMG_1506_JPG.jpg&#8221; title_text=&#8221;IMG_1506_JPG&#8221; force_fullwidth=&#8221;on&#8221; _builder_version=&#8221;4.17.1&#8243; _module_preset=&#8221;default&#8221; transform_scale=&#8221;85%|85%&#8221; border_radii=&#8221;on|250px|250px|250px|250px&#8221; global_colors_info=&#8221;{}&#8221;][\/et_pb_image][\/et_pb_column][\/et_pb_row][\/et_pb_section]<\/p>\n","protected":false},"excerpt":{"rendered":"<p>Lena Rohl\u00e9nf 1963, V\u00e4nersborg \u00a0Curriculum Vitae 2010 &#8211; Juristbyr\u00e5n Lena Rohl\u00e9n AB2002 -Juristbyr\u00e5n Lena Rohl\u00e9n, Enskild N\u00e4ringsverksamhet1996 &#8211; 2007 Utlandsvistelse, F\u00f6rtroendeuppdrag samt familjebildning1993 &#8211; 1996 Gillis Edman Begravningsbyr\u00e5, G\u00f6teborg1988 &#8211; 1993 Swedbank, G\u00f6teborg1984 &#8211; 1988 Handelsh\u00f6gskolan, G\u00f6teborgs Universitet, Juristutbildning &nbsp; Stenungsund-Kung\u00e4lv Rotaryklubb medlem 2008 -Sk\u00e4rhamns Sm\u00e5f\u00f6retagarf\u00f6rening Intresserad av motion, h\u00e4lsa, kultur &amp; familj &nbsp;<\/p>\n","protected":false},"author":1,"featured_media":0,"parent":0,"menu_order":0,"comment_status":"closed","ping_status":"closed","template":"","meta":{"_et_pb_use_builder":"on","_et_pb_old_content":"<!-- wp:paragraph -->\n<p><br>Lena Rohl\u00e9n<br>f 1963, V\u00e4nersborg<\/p>\n<!-- \/wp:paragraph -->\n\n<!-- wp:paragraph -->\n<p>Utbildning<br>&nbsp;<\/p>\n<!-- \/wp:paragraph -->\n\n<!-- wp:paragraph -->\n<p>2010 - &nbsp; &nbsp; &nbsp; &nbsp; &nbsp; &nbsp; &nbsp; &nbsp; &nbsp;Juristbyr\u00e5n Lena Rohl\u00e9n AB<\/p>\n<!-- \/wp:paragraph -->\n\n<!-- wp:paragraph -->\n<p>2002 - &nbsp; &nbsp; &nbsp; &nbsp; &nbsp; &nbsp; &nbsp; &nbsp; &nbsp;Juristbyr\u00e5n Lena Rohl\u00e9n, Enskild N\u00e4ringsverksamhet&nbsp;<\/p>\n<!-- \/wp:paragraph -->\n\n<!-- wp:paragraph -->\n<p>1996 - 2007 &nbsp; &nbsp; &nbsp; &nbsp; Utlandsvistelse, F\u00f6rtroendeuppdrag samt familjebildning<\/p>\n<!-- \/wp:paragraph -->\n\n<!-- wp:paragraph -->\n<p>1993 - 1996 &nbsp; &nbsp; &nbsp; &nbsp; Gillis Edman Begravningsbyr\u00e5, G\u00f6teborg<\/p>\n<!-- \/wp:paragraph -->\n\n<!-- wp:paragraph -->\n<p>1988 - 1993 &nbsp; &nbsp; &nbsp; &nbsp; Swedbank, G\u00f6teborg<\/p>\n<!-- \/wp:paragraph -->\n\n<!-- wp:paragraph -->\n<p>\u200b<\/p>\n<!-- \/wp:paragraph -->\n\n<!-- wp:paragraph -->\n<p>1984 - 1988 &nbsp; &nbsp; &nbsp; &nbsp; Handelsh\u00f6gskolan, G\u00f6teborgs Universitet, Juristutbildning<\/p>\n<!-- \/wp:paragraph -->\n\n<!-- wp:paragraph -->\n<p>\u200b<\/p>\n<!-- \/wp:paragraph -->\n\n<!-- wp:paragraph -->\n<p>Stenungsund Rotaryklubb medlem 2008 -&nbsp;<\/p>\n<!-- \/wp:paragraph -->\n\n<!-- wp:paragraph -->\n<p>Sk\u00e4rhamns Sm\u00e5f\u00f6retagarf\u00f6rening&nbsp;<\/p>\n<!-- \/wp:paragraph -->\n\n<!-- wp:paragraph -->\n<p>\u200b<\/p>\n<!-- \/wp:paragraph -->\n\n<!-- wp:paragraph -->\n<p>Intresserad av motion, h\u00e4lsa, kultur &amp; familj<\/p>\n<!-- \/wp:paragraph -->","_et_gb_content_width":"","footnotes":""},"class_list":["post-16","page","type-page","status-publish","hentry"],"_links":{"self":[{"href":"http:\/\/juristbyran-rohlen.se\/index.php\/wp-json\/wp\/v2\/pages\/16","targetHints":{"allow":["GET"]}}],"collection":[{"href":"http:\/\/juristbyran-rohlen.se\/index.php\/wp-json\/wp\/v2\/pages"}],"about":[{"href":"http:\/\/juristbyran-rohlen.se\/index.php\/wp-json\/wp\/v2\/types\/page"}],"author":[{"embeddable":true,"href":"http:\/\/juristbyran-rohlen.se\/index.php\/wp-json\/wp\/v2\/users\/1"}],"replies":[{"embeddable":true,"href":"http:\/\/juristbyran-rohlen.se\/index.php\/wp-json\/wp\/v2\/comments?post=16"}],"version-history":[{"count":36,"href":"http:\/\/juristbyran-rohlen.se\/index.php\/wp-json\/wp\/v2\/pages\/16\/revisions"}],"predecessor-version":[{"id":189,"href":"http:\/\/juristbyran-rohlen.se\/index.php\/wp-json\/wp\/v2\/pages\/16\/revisions\/189"}],"wp:attachment":[{"href":"http:\/\/juristbyran-rohlen.se\/index.php\/wp-json\/wp\/v2\/media?parent=16"}],"curies":[{"name":"wp","href":"https:\/\/api.w.org\/{rel}","templated":true}]}}